{"id":2857,"date":"2017-03-13T08:02:27","date_gmt":"2017-03-13T08:02:27","guid":{"rendered":"http:\/\/www.ecostudio-joni.al\/?page_id=2857"},"modified":"2017-06-06T12:34:48","modified_gmt":"2017-06-06T12:34:48","slug":"what-do-we-do","status":"publish","type":"page","link":"https:\/\/www.ecostudio-joni.al\/SQ\/what-do-we-do\/","title":{"rendered":"Sh\u00ebrbimet"},"content":{"rendered":"<div class=\"wpb-content-wrapper\">[vc_row][vc_column width=&#8221;1\/4&#8243;][\/vc_column][vc_column width=&#8221;3\/4&#8243;][vc_column_text]<span class=\"collapseomatic \" id=\"id55\"  tabindex=\"0\" title=\"<strong>VLER\u00cbSIM I NDIKIMIT N\u00cb MJEDIS (VNM)<\/strong>\"    ><strong>VLER\u00cbSIM I NDIKIMIT N\u00cb MJEDIS (VNM)<\/strong><\/span><div id=\"target-id55\" class=\"collapseomatic_content \">\n<p>&#8220;Vler\u00ebsimi i ndikimit n\u00eb mjedis (VNM)&#8221; \u00ebsht\u00eb procesi q\u00eb kryhet p\u00ebr vler\u00ebsimin e p\u00ebrgjithsh\u00ebm t\u00eb ndikimeve t\u00eb r\u00ebnd\u00ebsishme negative, t\u00eb drejtp\u00ebrdrejta ose jo, n\u00eb mjedis, nga projekte t\u00eb propozuara. VNM-ja \u00ebsht\u00eb vler\u00ebsimi mjedisor n\u00eb nj\u00eb proces vler\u00ebsimesh (t\u00eb mjedisit, planifikimit hap\u00ebsinor, nd\u00ebrtimitetj.) q\u00eb, eventualisht, mund t\u00eb finalizohet me lejen e zhvillimit.<br \/>\nMarrja e aprovimeve mjedisore mund t\u00eb jet\u00eb sfidues edhe k\u00ebrkon shqyrtim dhe planifikim t\u00eb kujdessh\u00ebm. N\u00eb &#8220;Ecostudio-Joni&#8221; ne punojm\u00eb me arkitekt\u00ebt dhe ekipet e projektimit q\u00eb n\u00eb fazat e hershme t\u00eb projektit, p\u00ebr t\u00eb identifikuar \u00e7\u00ebshtjet ky\u00e7e, p\u00ebrfshir\u00eb masat zbut\u00ebse dhe ofrojm\u00eb zgjidhje t\u00eb q\u00ebndrueshme q\u00eb do t\u00eb reduktojn\u00eb ndikimin e p\u00ebrgjithsh\u00ebm mjedisor t\u00eb projektit.<br \/>\nEkipi yn\u00eb ka p\u00ebrvoj\u00eb n\u00eb p\u00ebrgatitjen e Raporteve t\u00eb Vler\u00ebsimit Strategjik Mjedisos (VSM), Raporteve t\u00eb Vler\u00ebsimit t\u00eb Thelluar t\u00eb Ndikimit n\u00eb Mjedis (Link Porti i\u00a0Durresit) si edhe n\u00eb p\u00ebrgatitjen e Raporteve t\u00eb Vler\u00ebsimit Paraprak t\u00eb Ndikimit n\u00eb Mjedis (Link disa projekte te tjera). Ne mbulojm\u00eb gam\u00ebn e plot\u00eb t\u00eb sh\u00ebrbimeve teknike nga punimet e zyr\u00ebs deri tek puna n\u00eb terren p\u00ebr t\u00eb p\u00ebrmbushur k\u00ebrkesat ligjore.<\/p>\n<p><em><strong>Sh\u00ebrbimet tona n\u00eb fush\u00ebn e Vler\u00ebsimit t\u00eb Ndikimit n\u00eb Mjedis p\u00ebrfshijn\u00eb<\/strong><\/em>:<\/p>\n<ul>\n<li>Vleresimin Strategjik Mjedisor (VSM) t\u00eb planeve vendore t\u00eb planifikimit t\u00eb territorit urban e rural dhe planeve dhe programeve sektoriale.<\/li>\n<li>Gam\u00ebn e plot\u00eb t\u00eb vler\u00ebsimeve teknike t\u00eb VNM duke p\u00ebrfshir\u00eb k\u00ebtu: menaxhimin e mbetjeve, cil\u00ebsin\u00eb e ajrit, zhurmat dhe vibrimet, cil\u00ebsin\u00eb e ujit dhe rrezikun nga p\u00ebrmbytjet, ekologjin\u00eb, kushtet tok\u00ebsore dhe ndotjen e tok\u00ebs, transportin, mikroklim\u00ebn, er\u00ebrat, rrezatimin diellor dhe aspektet socio-ekonomike;<\/li>\n<li>Planet e Monitorimit Mjedisor: hartimi i masave p\u00ebrmir\u00ebsuese dhe leht\u00ebsuese p\u00ebr t\u00eb cilat ne punojm\u00eb ngusht\u00eb me ekipin e projektimit p\u00ebr ti p\u00ebrfshir\u00eb n\u00eb propozime;<\/li>\n<li>Konsultimi me publikun, autoritetet planifikuese dhe organizatat e tjera;<\/li>\n<li>Asistenc\u00eb p\u00ebr pajisje me Leje Mjedisore t\u00eb Tipit A, B dhe C.<\/li>\n<\/ul>\n<\/div>\n<p>&nbsp;<\/p>\n<span class=\"collapseomatic \" id=\"id3877\"  tabindex=\"0\" title=\"<strong>EKOLOGJI<\/strong>\"    ><strong>EKOLOGJI<\/strong><\/span><div id=\"target-id3877\" class=\"collapseomatic_content \">\n<p>Integrimi i biodiversitetit, flor\u00ebs dhe faun\u00ebs n\u00eb projektet e zhvillimit \u00ebsht\u00eb tashm\u00eb pjes\u00eb kryesore e pro\u00e7esit t\u00eb planifikimit dhe t\u00eb projektimit t\u00eb \u00e7do aktiviteti.<br \/>\nEkspertiza n\u00eb fushen e ekologjis\u00eb e \u201cEcostudio-Joni\u201d na mund\u00ebson t\u00eb punojm\u00eb ngusht\u00eb me inxhinier\u00eb, arkitekt\u00eb dhe planifikues urban\u00eb p\u00ebr t\u00eb siguruar nj\u00eb ekip projektimi t\u00eb mire-organizuar q\u00eb ofron zgjidhje me kosto efektive p\u00ebr \u00e7\u00ebshtjet komplekse t\u00eb planifikimit dhe projektimit.<\/p>\n<p><em><strong>Sh\u00ebrbimet tona n\u00eb fush\u00ebn e ekologjis\u00eb p\u00ebrfshijn\u00eb<\/strong><\/em> (VENDOS LINK):<\/p>\n<ul>\n<li>Identifikimin e kufizimeve dhe mund\u00ebsive ekologjike t\u00eb projekteve t\u00eb zhvillimit<\/li>\n<li>Kryerjen e v\u00ebzhgimeve dhe vler\u00ebsimeve paraprake ekologjike<\/li>\n<li>Kryerjen e vrojtimeve t\u00eb specializuara p\u00ebr llojet e mbrojtura<\/li>\n<li>P\u00ebrgatitja e gjith\u00eb dokumentacionit p\u00ebr aplikimet per Planet e Detajuara Vendore, Master planet dhe Deklaratat Mjedisore.<\/li>\n<li>K\u00ebshillimi p\u00ebr masat zbut\u00ebse dhe p\u00ebrmir\u00ebsuese ekologjike. <\/div><\/li>\n<\/ul>\n<p>&nbsp;<\/p>\n<span class=\"collapseomatic \" id=\"id2268\"  tabindex=\"0\" title=\"<strong>VLER\u00cbSIM I MJEDISIT DHE PASURIVE T\u00cb PALUAJTSHME<\/strong>\"    ><strong>VLER\u00cbSIM I MJEDISIT DHE PASURIVE T\u00cb PALUAJTSHME<\/strong><\/span><div id=\"target-id2268\" class=\"collapseomatic_content \">\n<p>Njohja e mire e mjedisit \u00ebsht\u00eb nj\u00eb hap vendimtar n\u00eb vleresimin dhe menaxhimin e rrezikut gjat\u00eb transaksioneve t\u00eb titujve t\u00eb pron\u00ebsis\u00eb.<br \/>\nDetyrimet e paidentifikuara mjedisore mund t\u00eb rezultojn\u00eb me kosto t\u00eb konsiderueshme dhe madje edhe d\u00ebnime penale t\u00eb pal\u00ebve t\u00eb p\u00ebrfshira n\u00eb transaksion. Po ashtu, n\u00ebse problemet\u00a0mjedisore si kontaminimi apo\u00a0rreziku i p\u00ebrmbytjeve jan\u00eb t\u00eb larta ose nese nuk jan\u00eb identifikuar ne kohe ndryshimet n\u00eb politikat p\u00ebr planifikimin e territorit ose n\u00eb legjislacionin mjedisor, mund\u00ebsit\u00eb e investimit mund t\u00eb humbasin<br \/>\n&#8220;Ekostudio-Joni&#8221; sjell ekspertiz\u00ebn e nevojshme p\u00ebr t\u00eb vler\u00ebsuar dhe prioritizuar kufizimet, pasurit\u00eb dhe mund\u00ebsit\u00eb e rizhvillimit t\u00eb nj\u00eb zone p\u00ebr t\u00eb ndihmuar nj\u00eb bler\u00ebs potencial t\u00eb kuptoj\u00eb at\u00eb q\u00eb me t\u00eb v\u00ebrtet\u00eb ka r\u00ebnd\u00ebsi. Q\u00ebllimi yn\u00eb \u00ebsht\u00eb q\u00eb t\u00eb sigurojm\u00eb nj\u00eb p\u00ebrgjigje t\u00eb shpejt\u00eb dhe t\u00eb sakt\u00eb p\u00ebr klient\u00ebt tan\u00eb n\u00ebp\u00ebrmjet nj\u00eb kuadri t\u00eb mir\u00eb p\u00ebrcaktuar t\u00eb menaxhimit t\u00eb rrezikut.<br \/>\nNe kemi njohuri t\u00eb thella mbi llojet e rreziqeve q\u00eb mund t\u00eb ndikojn\u00eb tek klient\u00ebt tan\u00eb n\u00eb lidhje me p\u00ebrgjegj\u00ebsit\u00eb e tyre p\u00ebrsa i p\u00ebrket pron\u00ebsis\u00eb, rizhvillimit t\u00eb zon\u00ebs apo dhe rishitjes n\u00eb t\u00eb ardhmen. K\u00ebto detyrime mund t\u00eb variojn\u00eb nga k\u00ebrkesa e tregut dhe politika e planifikimit n\u00eb kushtet e truallit, disponueshm\u00ebria e sh\u00ebrbimeve komunale dhe infrastruktur\u00ebs ekzistuese, qasja e transportit, rreziku i p\u00ebrmbytjes, ndotja e vendeve dhe sfidat e tjera p\u00ebr marrjen e lejes s\u00eb mjedisit dhe t\u00eb zhvillimit.<br \/>\nVler\u00ebsimi i sakt\u00eb i gjasave dhe shkall\u00ebs t\u00eb rreziqeve dhe kostot potenciale t\u00eb zbutjes s\u00eb rreziqeve, duke p\u00ebrfshir\u00ebpajtueshm\u00ebrin\u00eb me rregulloret aktuale dhe t\u00eb ardhshme, i ndihmojn\u00eb klient\u00ebt tan\u00eb t\u00eb negociojn\u00eb \u00e7mimin e duhur t\u00eb blerjes.<br \/>\nNe ofrojm\u00eb nj\u00eb s\u00ebr\u00eb sh\u00ebrbimesh q\u00eb mund t\u00eb p\u00ebrshtaten p\u00ebr t\u00eb trajtuar \u00e7\u00ebshtjet specifike t\u00eb secil\u00ebs zon\u00eb dhe q\u00eb n\u00eb fund t\u00eb fundit do t\u00eb ofrojn\u00eb nivelin e duhur t\u00eb komoditetit p\u00ebr klientin.<\/p>\n<p><em><strong>Sh\u00ebrbimet tona t\u00eb vler\u00ebsimit mjedisor dhe t\u00eb vler\u00ebsimit t\u00eb pasurive t\u00eb paluajtshme p\u00ebrfshijn\u00eb<\/strong><\/em>:<\/p>\n<ul>\n<li>K\u00ebrkimi i t\u00eb dh\u00ebnave dhe shqyrtimi i informacionit ekzistues<\/li>\n<li>Shqyrtimi i legjislacionit dhe politikave t\u00eb planifikimit<\/li>\n<li>Auditimet mjedisore t\u00eb objekteve dhe operacioneve<\/li>\n<li>Vler\u00ebsimi i rrezikut mjedisor<\/li>\n<li>Vler\u00ebsimi i cil\u00ebsis\u00eb s\u00eb ajrit dhe zhurm\u00ebs<\/li>\n<li>Sondazhe mbi kushtet e nd\u00ebrtimit<\/li>\n<li>Vler\u00ebsimi i infrastruktur\u00ebs dhe sh\u00ebrbimeve<\/li>\n<li>Vler\u00ebsimi i transportit<\/li>\n<li>Identifikimi i kostove t\u00eb p\u00ebrgjegj\u00ebsis\u00eb mjedisore<\/li>\n<\/ul>\n<\/div>\n<p>&nbsp;<\/p>\n[vc_column_text]<span class=\"collapseomatic \" id=\"id7728\"  tabindex=\"0\" title=\"<strong>PYLLTARI<\/strong>\"    ><strong>PYLLTARI<\/strong><\/span><div id=\"target-id7728\" class=\"collapseomatic_content \">\n<p>Ndryshimet n\u00eb perceptimin e shoqerise mbi pyjet dhe p\u00ebrdorimin e pyjeve, rreziqet e ndryshimeve klimatike dhe teknologjit\u00eb moderne e kan\u00eb vendosur pylltarin\u00eb dhe industrin\u00eb e drurit p\u00ebrpara sfidave t\u00eb reja.<br \/>\nEcostudio-Joni ka nj\u00eb eksperienc\u00eb t\u00eb gjer\u00eb n\u00eb inventarizimin e pyjeve, planifikimin e menaxhimit dhe vler\u00ebsimin e vlerava t\u00eb pyjeve. Ne mb\u00ebshtesim menaxhimin e q\u00ebndruesh\u00ebm t\u00eb pyjeve. P\u00ebr m\u00eb tep\u00ebr, planifikimi dhe hartografimi ekologjik ka qen\u00eb gjithmon\u00eb nj\u00eb pjes\u00eb e konsiderueshme e pun\u00ebs son\u00eb.<br \/>\nNe gjithashtu i ofrojm\u00eb politik\u00eb-b\u00ebr\u00ebsve dhe organizateve t\u00eb ndryshme mjete t\u00eb r\u00ebnd\u00ebsishme q\u00eb i ndihmojn\u00eb ato n\u00eb vendim-marrje, duke p\u00ebrfshir\u00eb studimet mbi bioenergjine dhe sistemet e financimit t\u00eb pyjeve.<\/p>\n<p><strong><em>Sh\u00ebrbimet tona n\u00eb fush\u00ebn e pyjeve p\u00ebrfshijn\u00eb<\/em><\/strong>:<\/p>\n<ul>\n<li>Analiza dhe optimizimi i sip\u00ebrmarrjeve n\u00eb fush\u00ebn e pyjeve<\/li>\n<li>Inventarizim i pyjeve<\/li>\n<li>Trajnime n\u00eb fush\u00ebn e pyjeve dhe p\u00ebrdorimin e Teknologjis\u00eb s\u00eb Informacionit n\u00eb pyje<\/li>\n<li>P\u00ebrgatitja e planeve t\u00eb menaxhimit t\u00eb zonave t\u00eb mbrojtura.<\/li>\n<\/ul>\n<\/div>\n<\/div>","protected":false},"excerpt":{"rendered":"<p>[vc_row][vc_column width=&#8221;1\/4&#8243;][\/vc_column][vc_column width=&#8221;3\/4&#8243;][vc_column_text] &nbsp; &nbsp; &nbsp; [vc_column_text]<\/p>\n","protected":false},"author":1,"featured_media":0,"parent":0,"menu_order":0,"comment_status":"closed","ping_status":"closed","template":"","meta":{"footnotes":""},"class_list":["post-2857","page","type-page","status-publish","hentry"],"_links":{"self":[{"href":"https:\/\/www.ecostudio-joni.al\/SQ\/wp-json\/wp\/v2\/pages\/2857"}],"collection":[{"href":"https:\/\/www.ecostudio-joni.al\/SQ\/wp-json\/wp\/v2\/pages"}],"about":[{"href":"https:\/\/www.ecostudio-joni.al\/SQ\/wp-json\/wp\/v2\/types\/page"}],"author":[{"embeddable":true,"href":"https:\/\/www.ecostudio-joni.al\/SQ\/wp-json\/wp\/v2\/users\/1"}],"replies":[{"embeddable":true,"href":"https:\/\/www.ecostudio-joni.al\/SQ\/wp-json\/wp\/v2\/comments?post=2857"}],"version-history":[{"count":66,"href":"https:\/\/www.ecostudio-joni.al\/SQ\/wp-json\/wp\/v2\/pages\/2857\/revisions"}],"predecessor-version":[{"id":3247,"href":"https:\/\/www.ecostudio-joni.al\/SQ\/wp-json\/wp\/v2\/pages\/2857\/revisions\/3247"}],"wp:attachment":[{"href":"https:\/\/www.ecostudio-joni.al\/SQ\/wp-json\/wp\/v2\/media?parent=2857"}],"curies":[{"name":"wp","href":"https:\/\/api.w.org\/{rel}","templated":true}]}}