{"id":2888,"date":"2017-03-13T10:20:43","date_gmt":"2017-03-13T10:20:43","guid":{"rendered":"http:\/\/www.ecostudio-joni.al\/?page_id=2888"},"modified":"2017-06-06T12:14:11","modified_gmt":"2017-06-06T12:14:11","slug":"mission","status":"publish","type":"page","link":"https:\/\/www.ecostudio-joni.al\/SQ\/mission\/","title":{"rendered":"Misioni"},"content":{"rendered":"Ecostudio Joni do t\u00eb jet\u00eb nj\u00eb kompani e suksesshme qe ofron sh\u00ebrbime t\u00eb konsulenc\u00ebs mjedisore t\u00eb bazuar n\u00eb zgjidhje, e njohuri n\u00eb nivel lokal dhe nd\u00ebrkomb\u00ebtar per ekspertizen n\u00eb fushat n\u00eb t\u00eb cilat ajo ofron sh\u00ebrbime.<\/p>\n<p>Ne jemi t\u00eb p\u00ebrkushtuar p\u00ebr t\u00eb sjell\u00eb sh\u00ebrbime profesionale me vler\u00eb t\u00eb shtuar tek klient\u00ebt tan\u00eb dhe p\u00ebr t\u00eb dh\u00ebn\u00eb rezultate n\u00eb koh\u00eb dhe me kosto efektive q\u00eb plot\u00ebson ose tejkalon pritshmerite e klient\u00ebve tan\u00eb duke ruajtur cil\u00ebsin\u00eb e jasht\u00ebzakonshme teknike.","protected":false},"excerpt":{"rendered":"<p>Ecostudio Joni do t\u00eb jet\u00eb nj\u00eb kompani e suksesshme qe ofron sh\u00ebrbime t\u00eb konsulenc\u00ebs mjedisore t\u00eb bazuar n\u00eb zgjidhje, e njohuri n\u00eb nivel lokal dhe nd\u00ebrkomb\u00ebtar per ekspertizen n\u00eb fushat n\u00eb t\u00eb cilat ajo ofron sh\u00ebrbime. Ne jemi t\u00eb p\u00ebrkushtuar p\u00ebr t\u00eb sjell\u00eb sh\u00ebrbime profesionale me vler\u00eb t\u00eb shtuar tek klient\u00ebt tan\u00eb dhe p\u00ebr t\u00eb [&hellip;]<\/p>\n","protected":false},"author":1,"featured_media":0,"parent":0,"menu_order":0,"comment_status":"closed","ping_status":"closed","template":"","meta":{"footnotes":""},"class_list":["post-2888","page","type-page","status-publish","hentry"],"_links":{"self":[{"href":"https:\/\/www.ecostudio-joni.al\/SQ\/wp-json\/wp\/v2\/pages\/2888"}],"collection":[{"href":"https:\/\/www.ecostudio-joni.al\/SQ\/wp-json\/wp\/v2\/pages"}],"about":[{"href":"https:\/\/www.ecostudio-joni.al\/SQ\/wp-json\/wp\/v2\/types\/page"}],"author":[{"embeddable":true,"href":"https:\/\/www.ecostudio-joni.al\/SQ\/wp-json\/wp\/v2\/users\/1"}],"replies":[{"embeddable":true,"href":"https:\/\/www.ecostudio-joni.al\/SQ\/wp-json\/wp\/v2\/comments?post=2888"}],"version-history":[{"count":8,"href":"https:\/\/www.ecostudio-joni.al\/SQ\/wp-json\/wp\/v2\/pages\/2888\/revisions"}],"predecessor-version":[{"id":3242,"href":"https:\/\/www.ecostudio-joni.al\/SQ\/wp-json\/wp\/v2\/pages\/2888\/revisions\/3242"}],"wp:attachment":[{"href":"https:\/\/www.ecostudio-joni.al\/SQ\/wp-json\/wp\/v2\/media?parent=2888"}],"curies":[{"name":"wp","href":"https:\/\/api.w.org\/{rel}","templated":true}]}}