{"id":3079,"date":"2017-05-08T09:38:45","date_gmt":"2017-05-08T09:38:45","guid":{"rendered":"http:\/\/www.ecostudio-joni.al\/?page_id=3079"},"modified":"2017-06-06T12:53:33","modified_gmt":"2017-06-06T12:53:33","slug":"eia","status":"publish","type":"page","link":"https:\/\/www.ecostudio-joni.al\/SQ\/eia\/","title":{"rendered":"VNM"},"content":{"rendered":"\u201cVler\u00ebsimi i ndikimitn\u00ebmjedis (VNM)\u201d \u00ebsht\u00eb procesi q\u00eb kryhet p\u00ebr vler\u00ebsimin e p\u00ebrgjithsh\u00ebm t\u00eb ndikimeve t\u00eb r\u00ebnd\u00ebsishme negative, t\u00eb drejtp\u00ebrdrejta ose jo, n\u00eb mjedis, nga projekte t\u00eb propozuara. VNM-ja \u00ebsht\u00eb vler\u00ebsimi mjedisor n\u00eb nj\u00eb proces vler\u00ebsimesh (t\u00eb mjedisit, planifikimit hap\u00ebsinor, nd\u00ebrtimitetj.) q\u00eb, eventualisht, mund t\u00eb finalizohet me lejen e zhvillimit.<br \/>\nMarrja e aprovimeve mjedisore mund t\u00eb jet\u00eb sfidues edhe k\u00ebrkon shqyrtim dhe planifikim t\u00eb kujdessh\u00ebm.N\u00eb Ecostudio-Joni ne punojm\u00eb me arkitekt\u00ebt dhe ekipet e projektimit q\u00eb n\u00eb fazat e hershme t\u00eb projektit, p\u00ebr t\u00eb identifikuar \u00e7\u00ebshtjet ky\u00e7e, p\u00ebrfshir\u00eb masat zbut\u00ebse dhe ofrojm\u00eb zgjidhje t\u00eb q\u00ebndrueshme q\u00eb do t\u00eb reduktojn\u00eb ndikimin e p\u00ebrgjithsh\u00ebm mjedisor t\u00eb projektit.<br \/>\nEkipi yn\u00eb ka p\u00ebrvoj\u00eb n\u00eb p\u00ebrgatitjen e Raporteve t\u00eb Vler\u00ebsimit Strategjik Mjedisos (VSM), Raporteve t\u00eb Vler\u00ebsimit t\u00eb Thelluar t\u00eb Ndikimit n\u00eb Mjedis (Link Porti I Durresit) si edhe n\u00eb p\u00ebrgatitjen e Raporteve t\u00eb Vler\u00ebsimit Paraprak t\u00eb Ndikimit n\u00eb Mjedis(Link disa projekte te tjera).Ne mbulojm\u00eb gam\u00ebn e plot\u00eb t\u00eb sh\u00ebrbimeve teknike nga punimet e pun\u00ebs deri tek puna n\u00eb terren p\u00ebr t\u00eb p\u00ebrmbushur k\u00ebrkesat ligjore.<\/p>\n<p>Sh\u00ebrbimet tona n\u00eb fush\u00ebn e Vler\u00ebsimit t\u00eb Ndikimit n\u00eb Mjedis p\u00ebrfshijn\u00eb:<\/p>\n<ul>\n<li> Vleresimin Strategjik Mjedisor (VSM) te planeve vendore t\u00eb planifikimit t\u00eb territorit urban e rural dhe planeve dhe programeve sektoriale.<\/li>\n<li> Gam\u00ebn e plot\u00eb t\u00eb vler\u00ebsimeve teknike t\u00eb VNM duke p\u00ebrfshir\u00eb k\u00ebtu: menaxhimin e mbetjeve, cil\u00ebsin\u00eb e ajrit, zhurmat dhe dridhjet, cil\u00ebsin\u00eb e ujit dhe rrezikun nga p\u00ebrmbytjet, ekologjin\u00eb, kushtet tok\u00ebsore dhe ndotjen e tok\u00ebs, transportin, mikroklim\u00ebn,er\u00ebrat, rrezatimin diellor dhe aspektet socio-ekonomike;<\/li>\n<li>Planet e Monitorimit Mjedisor: hartimi i masave p\u00ebrmir\u00ebsuese dhe leht\u00ebsuese p\u00ebr t\u00eb cilatnepunojm\u00eb ngusht\u00eb me ekipin e projektimit p\u00ebr ti inkorporuar n\u00eb propozime;<\/li>\n<li> Konsultimi me publikun, autoritetet planifikuese dhe organizatate tjera;<\/li>\n<li> Asistence per pajisje me Leje Mjedisorete Tipit A, B dhe C.<\/li>\n<\/ul>\n<p>P\u00ebr m\u00eb shum\u00eb projekte t\u00eb VNM klikoni <a href=\"http:\/\/www.ecostudio-joni.al\/SQ\/category\/portfolio-2-columns\/\">k\u00ebtu<\/a>","protected":false},"excerpt":{"rendered":"<p>\u201cVler\u00ebsimi i ndikimitn\u00ebmjedis (VNM)\u201d \u00ebsht\u00eb procesi q\u00eb kryhet p\u00ebr vler\u00ebsimin e p\u00ebrgjithsh\u00ebm t\u00eb ndikimeve t\u00eb r\u00ebnd\u00ebsishme negative, t\u00eb drejtp\u00ebrdrejta ose jo, n\u00eb mjedis, nga projekte t\u00eb propozuara. VNM-ja \u00ebsht\u00eb vler\u00ebsimi mjedisor n\u00eb nj\u00eb proces vler\u00ebsimesh (t\u00eb mjedisit, planifikimit hap\u00ebsinor, nd\u00ebrtimitetj.) q\u00eb, eventualisht, mund t\u00eb finalizohet me lejen e zhvillimit. Marrja e aprovimeve mjedisore mund t\u00eb [&hellip;]<\/p>\n","protected":false},"author":1,"featured_media":0,"parent":0,"menu_order":0,"comment_status":"closed","ping_status":"closed","template":"","meta":{"footnotes":""},"class_list":["post-3079","page","type-page","status-publish","hentry"],"_links":{"self":[{"href":"https:\/\/www.ecostudio-joni.al\/SQ\/wp-json\/wp\/v2\/pages\/3079"}],"collection":[{"href":"https:\/\/www.ecostudio-joni.al\/SQ\/wp-json\/wp\/v2\/pages"}],"about":[{"href":"https:\/\/www.ecostudio-joni.al\/SQ\/wp-json\/wp\/v2\/types\/page"}],"author":[{"embeddable":true,"href":"https:\/\/www.ecostudio-joni.al\/SQ\/wp-json\/wp\/v2\/users\/1"}],"replies":[{"embeddable":true,"href":"https:\/\/www.ecostudio-joni.al\/SQ\/wp-json\/wp\/v2\/comments?post=3079"}],"version-history":[{"count":9,"href":"https:\/\/www.ecostudio-joni.al\/SQ\/wp-json\/wp\/v2\/pages\/3079\/revisions"}],"predecessor-version":[{"id":3254,"href":"https:\/\/www.ecostudio-joni.al\/SQ\/wp-json\/wp\/v2\/pages\/3079\/revisions\/3254"}],"wp:attachment":[{"href":"https:\/\/www.ecostudio-joni.al\/SQ\/wp-json\/wp\/v2\/media?parent=3079"}],"curies":[{"name":"wp","href":"https:\/\/api.w.org\/{rel}","templated":true}]}}