{"id":3082,"date":"2017-05-08T09:39:07","date_gmt":"2017-05-08T09:39:07","guid":{"rendered":"http:\/\/www.ecostudio-joni.al\/?page_id=3082"},"modified":"2017-06-06T12:54:55","modified_gmt":"2017-06-06T12:54:55","slug":"ecology","status":"publish","type":"page","link":"https:\/\/www.ecostudio-joni.al\/SQ\/ecology\/","title":{"rendered":"Ekologji"},"content":{"rendered":"Integrimi i biodiversitetit, flor\u00ebs dhe faun\u00ebs n\u00eb projektet e zhvillimit \u00ebsht\u00eb tashm\u00eb pjes\u00eb kryesore e pro\u00e7esit t\u00eb planifikimit dhe t\u00eb projektimit t\u00eb \u00e7do aktiviteti.<br \/>\nEkspertiza n\u00eb fushen e ekologjis\u00eb e \u201cEcostudio-Joni\u201d na mund\u00ebson t\u00eb punojm\u00eb ngusht\u00eb me inxhinier\u00eb, arkitekt\u00eb dhe planifikues urban\u00eb p\u00ebr t\u00eb siguruar nj\u00eb ekip projektimi t\u00eb mire-organizuar q\u00eb ofron zgjidhje me kosto efektive p\u00ebr \u00e7\u00ebshtjet komplekse t\u00eb planifikimit dhe projektimit.<\/p>\n<p>Sh\u00ebrbimet tona n\u00eb fush\u00ebn e ekologjis\u00eb p\u00ebrfshijn\u00eb (LINK):<\/p>\n<ul>\n<li>Identifikimin e kufizimeve dhe mund\u00ebsive ekologjike t\u00eb projekteve t\u00eb zhvillimit.<\/li>\n<li>Kryerjen e v\u00ebzhgimeve dhe vler\u00ebsimeve paraprake ekologjike<\/li>\n<li>Kryerja e vrojtimeve t\u00eb specializuara p\u00ebr llojet e mbrojtura<\/li>\n<li>P\u00ebrgatitja e gjith\u00eb dokumentacionit p\u00ebr aplikimet per Planet e Detajuara <\/li>\n<li>Vendore,Master planet dhe Deklaratat Mjedisore.<\/li>\n<li>K\u00ebshillimi p\u00ebr masat zbut\u00ebse dhe p\u00ebrmir\u00ebsuese ekologjike.<\/li>\n<\/ul>\n<p>P\u00ebr m\u00eb shum\u00eb projekte t\u00eb VNM klikoni <a href=\"http:\/\/www.ecostudio-joni.al\/SQ\/category\/portfolio-2-columns\/\">k\u00ebtu<\/a>","protected":false},"excerpt":{"rendered":"<p>Integrimi i biodiversitetit, flor\u00ebs dhe faun\u00ebs n\u00eb projektet e zhvillimit \u00ebsht\u00eb tashm\u00eb pjes\u00eb kryesore e pro\u00e7esit t\u00eb planifikimit dhe t\u00eb projektimit t\u00eb \u00e7do aktiviteti. Ekspertiza n\u00eb fushen e ekologjis\u00eb e \u201cEcostudio-Joni\u201d na mund\u00ebson t\u00eb punojm\u00eb ngusht\u00eb me inxhinier\u00eb, arkitekt\u00eb dhe planifikues urban\u00eb p\u00ebr t\u00eb siguruar nj\u00eb ekip projektimi t\u00eb mire-organizuar q\u00eb ofron zgjidhje me kosto [&hellip;]<\/p>\n","protected":false},"author":1,"featured_media":0,"parent":0,"menu_order":0,"comment_status":"closed","ping_status":"closed","template":"","meta":{"footnotes":""},"class_list":["post-3082","page","type-page","status-publish","hentry"],"_links":{"self":[{"href":"https:\/\/www.ecostudio-joni.al\/SQ\/wp-json\/wp\/v2\/pages\/3082"}],"collection":[{"href":"https:\/\/www.ecostudio-joni.al\/SQ\/wp-json\/wp\/v2\/pages"}],"about":[{"href":"https:\/\/www.ecostudio-joni.al\/SQ\/wp-json\/wp\/v2\/types\/page"}],"author":[{"embeddable":true,"href":"https:\/\/www.ecostudio-joni.al\/SQ\/wp-json\/wp\/v2\/users\/1"}],"replies":[{"embeddable":true,"href":"https:\/\/www.ecostudio-joni.al\/SQ\/wp-json\/wp\/v2\/comments?post=3082"}],"version-history":[{"count":4,"href":"https:\/\/www.ecostudio-joni.al\/SQ\/wp-json\/wp\/v2\/pages\/3082\/revisions"}],"predecessor-version":[{"id":3253,"href":"https:\/\/www.ecostudio-joni.al\/SQ\/wp-json\/wp\/v2\/pages\/3082\/revisions\/3253"}],"wp:attachment":[{"href":"https:\/\/www.ecostudio-joni.al\/SQ\/wp-json\/wp\/v2\/media?parent=3082"}],"curies":[{"name":"wp","href":"https:\/\/api.w.org\/{rel}","templated":true}]}}