{"id":3087,"date":"2017-05-08T09:40:24","date_gmt":"2017-05-08T09:40:24","guid":{"rendered":"http:\/\/www.ecostudio-joni.al\/?page_id=3087"},"modified":"2017-06-06T12:55:36","modified_gmt":"2017-06-06T12:55:36","slug":"site-appraisal","status":"publish","type":"page","link":"https:\/\/www.ecostudio-joni.al\/SQ\/site-appraisal\/","title":{"rendered":"Vleresim I Vendodhjes"},"content":{"rendered":"Njohja e mire e mjedisit \u00ebsht\u00eb nj\u00eb hap vendimtar n\u00eb t\u00eb kuptuarit dhe menaxhimin e rrezikut gjat\u00eb transaksioneve t\u00eb titujve t\u00eb pron\u00ebsis\u00eb.<br \/>\nDetyrimet e paidentifikuara mjedisore mund t\u00eb rezultojn\u00eb me kosto t\u00eb konsiderueshme dhe madje edhe d\u00ebnime penale t\u00eb pal\u00ebve t\u00eb p\u00ebrfshira n\u00eb transaksion. Anasjelltas, mund\u00ebsit\u00eb e investimit mund t\u00eb humbasin n\u00ebse detyrimet mjedisore si kontaminimi dhe rreziku i p\u00ebrmbytjes jan\u00eb t\u00eb m\u00ebdha ose nese nuk jan\u00eb identifikuar ndryshimet n\u00eb politikat p\u00ebr planifikimin e territorit ose n\u00eb legjislacionin mjedisor.<br \/>\nEkostudio-Joni sjell ekspertiz\u00ebn e nevojshme p\u00ebr t\u00eb vler\u00ebsuar dhe prioritizuar kufizimet, pasurit\u00eb dhe mund\u00ebsit\u00eb e rizhvillimit t\u00eb nj\u00eb zone p\u00ebr t\u00eb ndihmuar nj\u00eb bler\u00ebs potencial t\u00eb kuptoj\u00eb at\u00eb q\u00eb me t\u00eb v\u00ebrtet\u00eb ka r\u00ebnd\u00ebsi. Q\u00ebllimi yn\u00eb \u00ebsht\u00eb q\u00eb t\u00eb sigurojm\u00eb nj\u00eb p\u00ebrgjigje t\u00eb shpejt\u00eb dhe t\u00eb sakt\u00eb p\u00ebr klient\u00ebt tan\u00eb n\u00ebp\u00ebrmjet nj\u00eb kuadri t\u00eb mir\u00eb p\u00ebrcaktuar t\u00eb menaxhimit t\u00eb rrezikut.<br \/>\nNe kemi njohuri t\u00eb thella mbi llojet e rreziqeve q\u00eb mund t\u00eb ndikojn\u00eb tek klient\u00ebt tan\u00eb n\u00eb lidhje me p\u00ebrgjegj\u00ebsit\u00eb e tyre p\u00ebrsa i p\u00ebrket pron\u00ebsis\u00eb, rizhvillimit t\u00eb zon\u00ebs apo dhe rishitjes n\u00eb t\u00eb ardhmen. K\u00ebto detyrime mund t\u00eb variojn\u00eb nga k\u00ebrkesa e tregut dhe politika e planifikimit n\u00eb kushtet e truallit, disponueshm\u00ebria e sh\u00ebrbimeve komunale dhe infrastruktur\u00ebs ekzistuese, qasja e transportit, rreziku i p\u00ebrmbytjes, ndotja e vendeve dhe sfidat e tjera p\u00ebr marrjen e lejes s\u00eb mjedisit dhe t\u00eb zhvillimit.<br \/>\nVler\u00ebsimi i sakt\u00eb i gjasave dhe shkall\u00ebs t\u00eb rreziqeve dhe kostot potenciale t\u00eb zbutjes s\u00eb rreziqeve, duke p\u00ebrfshir\u00ebpajtueshm\u00ebrin\u00eb me rregulloret aktuale dhe t\u00eb ardhshme, i ndihmojn\u00eb klient\u00ebt tan\u00eb t\u00eb negociojn\u00eb \u00e7mimin e duhur t\u00eb blerjes.<br \/>\nNe ofrojm\u00eb nj\u00eb s\u00ebr\u00eb sh\u00ebrbimesh q\u00eb mund t\u00eb p\u00ebrshtaten p\u00ebr t\u00eb trajtuar \u00e7\u00ebshtjet specifike t\u00eb secil\u00ebs zon\u00eb dhe q\u00eb n\u00eb fund t\u00eb fundit do t\u00eb ofrojn\u00eb nivelin e duhur t\u00eb komoditetit p\u00ebr klientin.<\/p>\n<p>Sh\u00ebrbimet tona t\u00eb vler\u00ebsimit mjedisor dhe t\u00eb vler\u00ebsimit t\u00eb pasurive t\u00eb paluajtshme p\u00ebrfshijn\u00eb:<\/p>\n<ul>\n<li>\nK\u00ebrkimi i t\u00eb dh\u00ebnave dhe shqyrtimi i informacionit ekzistues<\/li>\n<li>Shqyrtimi i legjislacionit dhe politikave t\u00eb planifikimit<\/li>\n<li>Auditimet mjedisore t\u00eb objekteve dhe operacioneve<\/li>\n<li>Vler\u00ebsimi i rrezikut mjedisor<\/li>\n<li>Vler\u00ebsimi i rrezikut ng ap\u00ebrmbytjet<\/li>\n<li>Vler\u00ebsimi i cil\u00ebsis\u00eb s\u00eb ajrit dhe zhurm\u00ebs<\/li>\n<li>Sondazhe mbi kushtet e nd\u00ebrtimit<\/li>\n<li>Vler\u00ebsimi i infrastruktur\u00ebs dhe sh\u00ebrbimeve<\/li>\n<li>Vler\u00ebsimi i transportit<\/li>\n<li>Identifikimi i kostove t\u00eb p\u00ebrgjegj\u00ebsis\u00eb mjedisore.<\/li>\n<\/ul>\n<p>P\u00ebr m\u00eb shum\u00eb projekte t\u00eb Vleresimit t\u00eb Vendodhjes klikoni <a href=\"http:\/\/www.ecostudio-joni.al\/SQ\/category\/portfolio-2-columns\/\">k\u00ebtu<\/a><\/p>\n<p>","protected":false},"excerpt":{"rendered":"<p>Njohja e mire e mjedisit \u00ebsht\u00eb nj\u00eb hap vendimtar n\u00eb t\u00eb kuptuarit dhe menaxhimin e rrezikut gjat\u00eb transaksioneve t\u00eb titujve t\u00eb pron\u00ebsis\u00eb. Detyrimet e paidentifikuara mjedisore mund t\u00eb rezultojn\u00eb me kosto t\u00eb konsiderueshme dhe madje edhe d\u00ebnime penale t\u00eb pal\u00ebve t\u00eb p\u00ebrfshira n\u00eb transaksion. Anasjelltas, mund\u00ebsit\u00eb e investimit mund t\u00eb humbasin n\u00ebse detyrimet mjedisore si [&hellip;]<\/p>\n","protected":false},"author":1,"featured_media":0,"parent":0,"menu_order":0,"comment_status":"closed","ping_status":"closed","template":"","meta":{"footnotes":""},"class_list":["post-3087","page","type-page","status-publish","hentry"],"_links":{"self":[{"href":"https:\/\/www.ecostudio-joni.al\/SQ\/wp-json\/wp\/v2\/pages\/3087"}],"collection":[{"href":"https:\/\/www.ecostudio-joni.al\/SQ\/wp-json\/wp\/v2\/pages"}],"about":[{"href":"https:\/\/www.ecostudio-joni.al\/SQ\/wp-json\/wp\/v2\/types\/page"}],"author":[{"embeddable":true,"href":"https:\/\/www.ecostudio-joni.al\/SQ\/wp-json\/wp\/v2\/users\/1"}],"replies":[{"embeddable":true,"href":"https:\/\/www.ecostudio-joni.al\/SQ\/wp-json\/wp\/v2\/comments?post=3087"}],"version-history":[{"count":7,"href":"https:\/\/www.ecostudio-joni.al\/SQ\/wp-json\/wp\/v2\/pages\/3087\/revisions"}],"predecessor-version":[{"id":3261,"href":"https:\/\/www.ecostudio-joni.al\/SQ\/wp-json\/wp\/v2\/pages\/3087\/revisions\/3261"}],"wp:attachment":[{"href":"https:\/\/www.ecostudio-joni.al\/SQ\/wp-json\/wp\/v2\/media?parent=3087"}],"curies":[{"name":"wp","href":"https:\/\/api.w.org\/{rel}","templated":true}]}}