{"id":3090,"date":"2017-05-08T09:41:02","date_gmt":"2017-05-08T09:41:02","guid":{"rendered":"http:\/\/www.ecostudio-joni.al\/?page_id=3090"},"modified":"2017-06-06T12:49:01","modified_gmt":"2017-06-06T12:49:01","slug":"forestly","status":"publish","type":"page","link":"https:\/\/www.ecostudio-joni.al\/SQ\/forestly\/","title":{"rendered":"Pyje"},"content":{"rendered":"Ndryshimet n\u00eb perceptimin e shoqerise mbi pyjet dhe p\u00ebrdorimin e pyjeve, rreziqet e ndryshimeve klimatike dhe teknologjit\u00eb moderne e kan\u00eb vendosur pylltarin\u00eb dhe industrin\u00eb e drurit p\u00ebrpara sfidave t\u00eb reja.<br \/>\nEcostudio-Joni ka nj\u00eb eksperienc\u00eb t\u00eb gjer\u00eb n\u00eb inventarizimin e pyjeve, planifikimin e menaxhimit dhe vler\u00ebsimin e vlerava t\u00eb pyjeve.Ne mb\u00ebshtesim menaxhimin e q\u00ebndruesh\u00ebm t\u00eb pyjeve.P\u00ebr m\u00eb tep\u00ebr, planifikimi dhe hartografimi ekologjik ka qen\u00eb gjithmon\u00eb nj\u00eb pjes\u00eb e konsiderueshme e pun\u00ebs son\u00eb.<br \/>\nNe gjithashtu i ofrojm\u00eb politik\u00eb-b\u00ebr\u00ebsve dhe organizateve t\u00eb ndryshme mjete t\u00eb r\u00ebnd\u00ebsishme q\u00eb I ndihmojn\u00eb ato n\u00eb vendim-marr\u00ebse, duke p\u00ebrfshir\u00eb studimet mbi bioenergjine dhe sistemet e financimit t\u00eb pyjeve.<\/p>\n<p>Sh\u00ebrbimet tona n\u00eb fush\u00ebn e pyjeve p\u00ebrfshijn\u00eb:<\/p>\n<ul>\n<li> Analiza dhe optimizimi i sip\u00ebrmarrjeve n\u00ebfush\u00ebn e pyjeve<\/li>\n<li>  Inventarizim i pyjeve<\/li>\n<li> Trajnime n\u00eb fush\u00ebn e pyjeve dhe p\u00ebrdorimin e Teknologjis\u00eb s\u00eb Informacionit n\u00eb pyje<\/li>\n<li>  P\u00ebrgatitja e planeve t\u00eb menaxhimit t\u00eb zonave t\u00eb mbrojtura.<\/li>\n<\/ul>\n<p>P\u00ebr m\u00eb shum\u00eb projekte t\u00eb Pyll\u00ebzimit klikoni <a href=\"http:\/\/www.ecostudio-joni.al\/SQ\/category\/portfolio-2-columns\/\">k\u00ebtu<\/a><\/p>","protected":false},"excerpt":{"rendered":"<p>Ndryshimet n\u00eb perceptimin e shoqerise mbi pyjet dhe p\u00ebrdorimin e pyjeve, rreziqet e ndryshimeve klimatike dhe teknologjit\u00eb moderne e kan\u00eb vendosur pylltarin\u00eb dhe industrin\u00eb e drurit p\u00ebrpara sfidave t\u00eb reja. Ecostudio-Joni ka nj\u00eb eksperienc\u00eb t\u00eb gjer\u00eb n\u00eb inventarizimin e pyjeve, planifikimin e menaxhimit dhe vler\u00ebsimin e vlerava t\u00eb pyjeve.Ne mb\u00ebshtesim menaxhimin e q\u00ebndruesh\u00ebm t\u00eb pyjeve.P\u00ebr [&hellip;]<\/p>\n","protected":false},"author":1,"featured_media":0,"parent":0,"menu_order":0,"comment_status":"closed","ping_status":"closed","template":"","meta":{"footnotes":""},"class_list":["post-3090","page","type-page","status-publish","hentry"],"_links":{"self":[{"href":"https:\/\/www.ecostudio-joni.al\/SQ\/wp-json\/wp\/v2\/pages\/3090"}],"collection":[{"href":"https:\/\/www.ecostudio-joni.al\/SQ\/wp-json\/wp\/v2\/pages"}],"about":[{"href":"https:\/\/www.ecostudio-joni.al\/SQ\/wp-json\/wp\/v2\/types\/page"}],"author":[{"embeddable":true,"href":"https:\/\/www.ecostudio-joni.al\/SQ\/wp-json\/wp\/v2\/users\/1"}],"replies":[{"embeddable":true,"href":"https:\/\/www.ecostudio-joni.al\/SQ\/wp-json\/wp\/v2\/comments?post=3090"}],"version-history":[{"count":6,"href":"https:\/\/www.ecostudio-joni.al\/SQ\/wp-json\/wp\/v2\/pages\/3090\/revisions"}],"predecessor-version":[{"id":3259,"href":"https:\/\/www.ecostudio-joni.al\/SQ\/wp-json\/wp\/v2\/pages\/3090\/revisions\/3259"}],"wp:attachment":[{"href":"https:\/\/www.ecostudio-joni.al\/SQ\/wp-json\/wp\/v2\/media?parent=3090"}],"curies":[{"name":"wp","href":"https:\/\/api.w.org\/{rel}","templated":true}]}}